{"id":4179,"date":"2021-04-05T17:17:45","date_gmt":"2021-04-05T17:17:45","guid":{"rendered":"https:\/\/www.kontejnery-tomeczech.cz\/?post_type=product&#038;p=4179"},"modified":"2022-03-08T13:33:39","modified_gmt":"2022-03-08T13:33:39","slug":"6m-20-ft-lodni-kontejner-novy","status":"publish","type":"product","link":"https:\/\/www.kontejnery-tomeczech.cz\/index.php\/produkt\/6m-20-ft-lodni-kontejner-novy\/","title":{"rendered":"6m &#8211; 20ft Standard &#8211; Nov\u00fd"},"content":{"rendered":"","protected":false},"excerpt":{"rendered":"<p><strong>Nov\u00fd 6m standardn\u00ed kontejner<\/strong><br \/>N\u00e1\u0161 6metrov\u00fd standardn\u00ed kontejner je st\u0159edem pozornosti. Je prostorn\u00fd a odpov\u00edd\u00e1 norm\u00e1m ISO, tak\u017ee je tak\u00e9 stohovateln\u00fd. D\u00edky sv\u00e9 robustn\u00ed d\u0159ev\u011bn\u00e9 podlaze je obl\u00edben\u00fd pro skladov\u00e1n\u00ed a p\u0159epravu.\u00a0<\/p>\n<p>Zachoval\u00fd, t\u011bsn\u00edm bez d\u011br a z\u00e1pachu. Uvnit\u0159 such\u00fd, \u010dist\u00fd a bez od\u00e9ru.\u00a0<\/p>\n<p>Vhodn\u00fd jako sklad, d\u00edlna, nebo gar\u00e1\u017e.<\/p>\n<p>&nbsp;<\/p>\n<p><strong>Vn\u011bj\u0161\u00ed velikost \u00a0 \u00a0 \u00a0 \u00a0 \u00a0Vnit\u0159n\u00ed velikost<\/strong><\/p>\n<p>D\u00e9lka \u00a0 \u00a0 \u00a0 \u00a0 \u00a0 \u00a0 \u00a0 \u00a06036 mm \u00a0 \u00a0 \u00a0 \u00a0 \u00a0 \u00a0 \u00a0 \u00a0 \u00a0 5898 mm<\/p>\n<p>\u0160\u00ed\u0159ka \u00a0 \u00a0 \u00a0 \u00a0 \u00a0 \u00a0 \u00a0 \u00a0 \u00a0 2438 mm \u00a0 \u00a0 \u00a0 \u00a0 \u00a0 \u00a0 \u00a0 \u00a0 \u00a0 2362 mm<\/p>\n<p>V\u00fd\u0161ka \u00a0 \u00a0 \u00a0 \u00a0 \u00a0 \u00a0 \u00a0 \u00a0 2591 mm \u00a0 \u00a0 \u00a0 \u00a0 \u00a0 \u00a0 \u00a0 \u00a0 \u00a0 2393 mm<\/p>\n<p>&nbsp;<\/p>\n<p><strong><br \/>Specifikace<\/strong><\/p>\n<p>Certifik\u00e1t ISO<br \/>Certifik\u00e1t CSC<br \/>V\u011btru a vod\u011b odoln\u00fd<br \/>N\u00e1klad hoden<br \/>D\u0159ev\u011bn\u00e1 podlaha<br \/>Lockbox<\/p>\n<p>&nbsp;<\/p>\n<p>Obr\u00e1zek je ilustrativn\u00ed, pro p\u0159esnou nab\u00eddku kontejneru n\u00e1s nev\u00e1hejte kontaktovat.<\/p>\n<p>&nbsp;<\/p>\n<p>&nbsp;<\/p>\n","protected":false},"featured_media":4273,"template":"","meta":[],"product_cat":[87,90],"product_tag":[],"yoast_head":"<!-- This site is optimized with the Yoast SEO plugin v22.0 - https:\/\/yoast.com\/wordpress\/plugins\/seo\/ -->\n<title>LODN\u00cd KONTEJNER 20ft | Lodn\u00ed kontejnery Tomeczech - PRAHA<\/title>\n<meta name=\"description\" content=\"Lodn\u00ed - n\u00e1mo\u0159n\u00ed - stavebn\u00ed - skladovac\u00ed kontejnery pou\u017eit\u00fd i nov\u00fd za skv\u011bl\u00e9 ceny. Jsme prodejcem lodn\u00edch kontejner\u016f. Dostupnost - PRAHA.\" \/>\n<meta name=\"robots\" content=\"index, follow, max-snippet:-1, max-image-preview:large, max-video-preview:-1\" \/>\n<link rel=\"canonical\" href=\"https:\/\/www.kontejnery-tomeczech.cz\/index.php\/produkt\/6m-20-ft-lodni-kontejner-novy\/\" \/>\n<meta property=\"og:locale\" content=\"cs_CZ\" \/>\n<meta property=\"og:type\" content=\"article\" \/>\n<meta property=\"og:title\" content=\"LODN\u00cd KONTEJNER 20ft | Lodn\u00ed kontejnery Tomeczech - PRAHA\" \/>\n<meta property=\"og:description\" content=\"Lodn\u00ed - n\u00e1mo\u0159n\u00ed - stavebn\u00ed - skladovac\u00ed kontejnery pou\u017eit\u00fd i nov\u00fd za skv\u011bl\u00e9 ceny. Jsme prodejcem lodn\u00edch kontejner\u016f. Dostupnost - PRAHA.\" \/>\n<meta property=\"og:url\" content=\"https:\/\/www.kontejnery-tomeczech.cz\/index.php\/produkt\/6m-20-ft-lodni-kontejner-novy\/\" \/>\n<meta property=\"og:site_name\" content=\"Lodn\u00ed kontejnery Tomeczech\" \/>\n<meta property=\"article:modified_time\" content=\"2022-03-08T13:33:39+00:00\" \/>\n<meta property=\"og:image\" content=\"https:\/\/www.kontejnery-tomeczech.cz\/wp-content\/uploads\/2021\/04\/6m.png\" \/>\n\t<meta property=\"og:image:width\" content=\"1338\" \/>\n\t<meta property=\"og:image:height\" content=\"836\" \/>\n\t<meta property=\"og:image:type\" content=\"image\/png\" \/>\n<meta name=\"twitter:card\" content=\"summary_large_image\" \/>\n<script type=\"application\/ld+json\" class=\"yoast-schema-graph\">{\"@context\":\"https:\/\/schema.org\",\"@graph\":[{\"@type\":\"WebPage\",\"@id\":\"https:\/\/www.kontejnery-tomeczech.cz\/index.php\/produkt\/6m-20-ft-lodni-kontejner-novy\/\",\"url\":\"https:\/\/www.kontejnery-tomeczech.cz\/index.php\/produkt\/6m-20-ft-lodni-kontejner-novy\/\",\"name\":\"LODN\u00cd KONTEJNER 20ft | Lodn\u00ed kontejnery Tomeczech - PRAHA\",\"isPartOf\":{\"@id\":\"https:\/\/www.kontejnery-tomeczech.cz\/#website\"},\"datePublished\":\"2021-04-05T17:17:45+00:00\",\"dateModified\":\"2022-03-08T13:33:39+00:00\",\"description\":\"Lodn\u00ed - n\u00e1mo\u0159n\u00ed - stavebn\u00ed - skladovac\u00ed kontejnery pou\u017eit\u00fd i nov\u00fd za skv\u011bl\u00e9 ceny. Jsme prodejcem lodn\u00edch kontejner\u016f. Dostupnost - PRAHA.\",\"breadcrumb\":{\"@id\":\"https:\/\/www.kontejnery-tomeczech.cz\/index.php\/produkt\/6m-20-ft-lodni-kontejner-novy\/#breadcrumb\"},\"inLanguage\":\"cs\",\"potentialAction\":[{\"@type\":\"ReadAction\",\"target\":[\"https:\/\/www.kontejnery-tomeczech.cz\/index.php\/produkt\/6m-20-ft-lodni-kontejner-novy\/\"]}]},{\"@type\":\"BreadcrumbList\",\"@id\":\"https:\/\/www.kontejnery-tomeczech.cz\/index.php\/produkt\/6m-20-ft-lodni-kontejner-novy\/#breadcrumb\",\"itemListElement\":[{\"@type\":\"ListItem\",\"position\":1,\"name\":\"Dom\u016f\",\"item\":\"https:\/\/www.kontejnery-tomeczech.cz\/\"},{\"@type\":\"ListItem\",\"position\":2,\"name\":\"Obchod\",\"item\":\"https:\/\/www.kontejnery-tomeczech.cz\/index.php\/obchod\/\"},{\"@type\":\"ListItem\",\"position\":3,\"name\":\"6m &#8211; 20ft Standard &#8211; Nov\u00fd\"}]},{\"@type\":\"WebSite\",\"@id\":\"https:\/\/www.kontejnery-tomeczech.cz\/#website\",\"url\":\"https:\/\/www.kontejnery-tomeczech.cz\/\",\"name\":\"Lodn\u00ed kontejnery Tomeczech\",\"description\":\"Prodej a pron\u00e1jem lodn\u00edch kontejner\u016f\",\"publisher\":{\"@id\":\"https:\/\/www.kontejnery-tomeczech.cz\/#organization\"},\"potentialAction\":[{\"@type\":\"SearchAction\",\"target\":{\"@type\":\"EntryPoint\",\"urlTemplate\":\"https:\/\/www.kontejnery-tomeczech.cz\/?s={search_term_string}\"},\"query-input\":\"required name=search_term_string\"}],\"inLanguage\":\"cs\"},{\"@type\":\"Organization\",\"@id\":\"https:\/\/www.kontejnery-tomeczech.cz\/#organization\",\"name\":\"Tomeczech s.r.o.\",\"url\":\"https:\/\/www.kontejnery-tomeczech.cz\/\",\"logo\":{\"@type\":\"ImageObject\",\"inLanguage\":\"cs\",\"@id\":\"https:\/\/www.kontejnery-tomeczech.cz\/#\/schema\/logo\/image\/\",\"url\":\"https:\/\/www.kontejnery-tomeczech.cz\/wp-content\/uploads\/2021\/02\/1364747.jpg\",\"contentUrl\":\"https:\/\/www.kontejnery-tomeczech.cz\/wp-content\/uploads\/2021\/02\/1364747.jpg\",\"width\":300,\"height\":63,\"caption\":\"Tomeczech s.r.o.\"},\"image\":{\"@id\":\"https:\/\/www.kontejnery-tomeczech.cz\/#\/schema\/logo\/image\/\"}}]}<\/script>\n<!-- \/ Yoast SEO plugin. -->","yoast_head_json":{"title":"LODN\u00cd KONTEJNER 20ft | Lodn\u00ed kontejnery Tomeczech - PRAHA","description":"Lodn\u00ed - n\u00e1mo\u0159n\u00ed - stavebn\u00ed - skladovac\u00ed kontejnery pou\u017eit\u00fd i nov\u00fd za skv\u011bl\u00e9 ceny. Jsme prodejcem lodn\u00edch kontejner\u016f. Dostupnost - PRAHA.","robots":{"index":"index","follow":"follow","max-snippet":"max-snippet:-1","max-image-preview":"max-image-preview:large","max-video-preview":"max-video-preview:-1"},"canonical":"https:\/\/www.kontejnery-tomeczech.cz\/index.php\/produkt\/6m-20-ft-lodni-kontejner-novy\/","og_locale":"cs_CZ","og_type":"article","og_title":"LODN\u00cd KONTEJNER 20ft | Lodn\u00ed kontejnery Tomeczech - PRAHA","og_description":"Lodn\u00ed - n\u00e1mo\u0159n\u00ed - stavebn\u00ed - skladovac\u00ed kontejnery pou\u017eit\u00fd i nov\u00fd za skv\u011bl\u00e9 ceny. Jsme prodejcem lodn\u00edch kontejner\u016f. Dostupnost - PRAHA.","og_url":"https:\/\/www.kontejnery-tomeczech.cz\/index.php\/produkt\/6m-20-ft-lodni-kontejner-novy\/","og_site_name":"Lodn\u00ed kontejnery Tomeczech","article_modified_time":"2022-03-08T13:33:39+00:00","og_image":[{"width":1338,"height":836,"url":"https:\/\/www.kontejnery-tomeczech.cz\/wp-content\/uploads\/2021\/04\/6m.png","type":"image\/png"}],"twitter_card":"summary_large_image","schema":{"@context":"https:\/\/schema.org","@graph":[{"@type":"WebPage","@id":"https:\/\/www.kontejnery-tomeczech.cz\/index.php\/produkt\/6m-20-ft-lodni-kontejner-novy\/","url":"https:\/\/www.kontejnery-tomeczech.cz\/index.php\/produkt\/6m-20-ft-lodni-kontejner-novy\/","name":"LODN\u00cd KONTEJNER 20ft | Lodn\u00ed kontejnery Tomeczech - PRAHA","isPartOf":{"@id":"https:\/\/www.kontejnery-tomeczech.cz\/#website"},"datePublished":"2021-04-05T17:17:45+00:00","dateModified":"2022-03-08T13:33:39+00:00","description":"Lodn\u00ed - n\u00e1mo\u0159n\u00ed - stavebn\u00ed - skladovac\u00ed kontejnery pou\u017eit\u00fd i nov\u00fd za skv\u011bl\u00e9 ceny. Jsme prodejcem lodn\u00edch kontejner\u016f. Dostupnost - PRAHA.","breadcrumb":{"@id":"https:\/\/www.kontejnery-tomeczech.cz\/index.php\/produkt\/6m-20-ft-lodni-kontejner-novy\/#breadcrumb"},"inLanguage":"cs","potentialAction":[{"@type":"ReadAction","target":["https:\/\/www.kontejnery-tomeczech.cz\/index.php\/produkt\/6m-20-ft-lodni-kontejner-novy\/"]}]},{"@type":"BreadcrumbList","@id":"https:\/\/www.kontejnery-tomeczech.cz\/index.php\/produkt\/6m-20-ft-lodni-kontejner-novy\/#breadcrumb","itemListElement":[{"@type":"ListItem","position":1,"name":"Dom\u016f","item":"https:\/\/www.kontejnery-tomeczech.cz\/"},{"@type":"ListItem","position":2,"name":"Obchod","item":"https:\/\/www.kontejnery-tomeczech.cz\/index.php\/obchod\/"},{"@type":"ListItem","position":3,"name":"6m &#8211; 20ft Standard &#8211; Nov\u00fd"}]},{"@type":"WebSite","@id":"https:\/\/www.kontejnery-tomeczech.cz\/#website","url":"https:\/\/www.kontejnery-tomeczech.cz\/","name":"Lodn\u00ed kontejnery Tomeczech","description":"Prodej a pron\u00e1jem lodn\u00edch kontejner\u016f","publisher":{"@id":"https:\/\/www.kontejnery-tomeczech.cz\/#organization"},"potentialAction":[{"@type":"SearchAction","target":{"@type":"EntryPoint","urlTemplate":"https:\/\/www.kontejnery-tomeczech.cz\/?s={search_term_string}"},"query-input":"required name=search_term_string"}],"inLanguage":"cs"},{"@type":"Organization","@id":"https:\/\/www.kontejnery-tomeczech.cz\/#organization","name":"Tomeczech s.r.o.","url":"https:\/\/www.kontejnery-tomeczech.cz\/","logo":{"@type":"ImageObject","inLanguage":"cs","@id":"https:\/\/www.kontejnery-tomeczech.cz\/#\/schema\/logo\/image\/","url":"https:\/\/www.kontejnery-tomeczech.cz\/wp-content\/uploads\/2021\/02\/1364747.jpg","contentUrl":"https:\/\/www.kontejnery-tomeczech.cz\/wp-content\/uploads\/2021\/02\/1364747.jpg","width":300,"height":63,"caption":"Tomeczech s.r.o."},"image":{"@id":"https:\/\/www.kontejnery-tomeczech.cz\/#\/schema\/logo\/image\/"}}]}},"jetpack_sharing_enabled":true,"_links":{"self":[{"href":"https:\/\/www.kontejnery-tomeczech.cz\/index.php\/wp-json\/wp\/v2\/product\/4179"}],"collection":[{"href":"https:\/\/www.kontejnery-tomeczech.cz\/index.php\/wp-json\/wp\/v2\/product"}],"about":[{"href":"https:\/\/www.kontejnery-tomeczech.cz\/index.php\/wp-json\/wp\/v2\/types\/product"}],"wp:featuredmedia":[{"embeddable":true,"href":"https:\/\/www.kontejnery-tomeczech.cz\/index.php\/wp-json\/wp\/v2\/media\/4273"}],"wp:attachment":[{"href":"https:\/\/www.kontejnery-tomeczech.cz\/index.php\/wp-json\/wp\/v2\/media?parent=4179"}],"wp:term":[{"taxonomy":"product_cat","embeddable":true,"href":"https:\/\/www.kontejnery-tomeczech.cz\/index.php\/wp-json\/wp\/v2\/product_cat?post=4179"},{"taxonomy":"product_tag","embeddable":true,"href":"https:\/\/www.kontejnery-tomeczech.cz\/index.php\/wp-json\/wp\/v2\/product_tag?post=4179"}],"curies":[{"name":"wp","href":"https:\/\/api.w.org\/{rel}","templated":true}]}}