{"id":3,"date":"2023-03-10T17:20:23","date_gmt":"2023-03-10T17:20:23","guid":{"rendered":"http:\/\/localhost\/wordpress\/?page_id=3"},"modified":"2023-06-12T10:44:14","modified_gmt":"2023-06-12T10:44:14","slug":"ochrana_osobnich_udaju","status":"publish","type":"page","link":"https:\/\/www.kontejnery-tomeczech.cz\/index.php\/ochrana_osobnich_udaju\/","title":{"rendered":"Ochrana osobn\u00edch \u00fadaj\u016f"},"content":{"rendered":"\t\t<div data-elementor-type=\"wp-page\" data-elementor-id=\"3\" class=\"elementor elementor-3\">\n\t\t\t\t\t\t<section class=\"elementor-section elementor-top-section elementor-element elementor-element-73b5a53e elementor-section-boxed elementor-section-height-default elementor-section-height-default\" data-id=\"73b5a53e\" data-element_type=\"section\">\n\t\t\t\t\t\t<div class=\"elementor-container elementor-column-gap-default\">\n\t\t\t\t\t<div class=\"elementor-column elementor-col-100 elementor-top-column elementor-element elementor-element-4a9ce6b7\" data-id=\"4a9ce6b7\" data-element_type=\"column\">\n\t\t\t<div class=\"elementor-widget-wrap elementor-element-populated\">\n\t\t\t\t\t\t<div class=\"elementor-element elementor-element-20b4d7d elementor-widget elementor-widget-text-editor\" data-id=\"20b4d7d\" data-element_type=\"widget\" data-widget_type=\"text-editor.default\">\n\t\t\t\t<div class=\"elementor-widget-container\">\n\t\t\t\t\t\t\t<p style=\"caret-color: rgb(0, 0, 0); color: rgb(0, 0, 0);\">Va\u0161e osobn\u00ed \u00fadaje z\u00edsk\u00e1v\u00e1me a zpracov\u00e1v\u00e1me v souladu s relevantn\u00edmi pr\u00e1vn\u00edmi p\u0159episy,&nbsp;zejm\u00e9na podle Obecn\u00e9ho&nbsp;na\u0159\u00edzen\u00ed Evropsk\u00e9ho parlamentu a&nbsp;rady (EU)&nbsp;\u010d.&nbsp;2016\/679 o&nbsp;ochran\u011b osobn\u00edch \u00fadaj\u016f, (d\u00e1le jen: \u201eGDPR\u201d).<\/p>\n<p style=\"caret-color: rgb(0, 0, 0); color: rgb(0, 0, 0);\"><br><\/p>\n<p style=\"caret-color: rgb(0, 0, 0); color: rgb(0, 0, 0);\">1.&nbsp;TOTO\u017dNOST A&nbsp;KONTAKTN\u00cd \u00daDAJE SPR\u00c1VCE<\/p>\n<p style=\"caret-color: rgb(0, 0, 0); color: rgb(0, 0, 0);\">Spr\u00e1vcem&nbsp;Va\u0161ich osobn\u00edch \u00fadaj\u016f je spole\u010dnost&nbsp;TOMECZECH s.r.o., se s\u00eddlem \u0160t\u011brboholsk\u00e1 560\/73, 102 00 Praha 15 Hostiva\u0159, I\u010cO:&nbsp;24153389,&nbsp;(d\u00e1le jen: \u201eSpr\u00e1vce\u201c).<\/p>\n<p style=\"caret-color: rgb(0, 0, 0); color: rgb(0, 0, 0);\"><br><\/p>\n<p style=\"caret-color: rgb(0, 0, 0); color: rgb(0, 0, 0);\">Spr\u00e1vce nejmenoval pov\u011b\u0159ence pro ochranu osobn\u00edch \u00fadaj\u016f.<\/p>\n<p style=\"caret-color: rgb(0, 0, 0); color: rgb(0, 0, 0);\">2. JAK\u00c9 OSOBN\u00cd \u00daDAJE ZPRACOV\u00c1V\u00c1ME<\/p>\n<p style=\"caret-color: rgb(0, 0, 0); color: rgb(0, 0, 0);\"><br><\/p>\n<p style=\"caret-color: rgb(0, 0, 0); color: rgb(0, 0, 0);\">P\u0159i poskytov\u00e1n\u00ed produkt\u016f a slu\u017eeb&nbsp;o V\u00e1s Spr\u00e1vce zpracov\u00e1v\u00e1, v nutn\u00e9m rozsahu, osobn\u00ed \u00fadaje, kter\u00e9 jste mu s\u00e1m\/sama&nbsp;poskytl\/a vypln\u011bn\u00edm popt\u00e1vkov\u00e9ho&nbsp;formul\u00e1\u0159e&nbsp;na webov\u00fdch str\u00e1nk\u00e1ch Spr\u00e1vce&nbsp;https:\/\/www.jeraby-praha.com&nbsp;a&nbsp;https:\/\/www.kontejnery- tomeczech.cz\/,&nbsp;nebo v&nbsp;r\u00e1mci elektronick\u00e9 komunikace, prob\u00edhaj\u00edc\u00ed r\u016fzn\u00fdmi informa\u010dn\u00edmi&nbsp;kan\u00e1ly (telefonn\u00ed hovor, e-mail, SMS, chat, soci\u00e1ln\u00ed s\u00edt\u011b, po\u0161ta).<\/p>\n<p style=\"caret-color: rgb(0, 0, 0); color: rgb(0, 0, 0);\">Spr\u00e1vce o V\u00e1s&nbsp;zpracov\u00e1v\u00e1 Va\u0161e identifika\u010dn\u00ed a kontaktn\u00ed \u00fadaje a \u00fadaje nezbytn\u00e9 pro pln\u011bn\u00ed&nbsp;smlouvy&nbsp;(jm\u00e9no, p\u0159\u00edjmen\u00ed, adresa, telefonn\u00ed \u010d\u00edslo a e-mail).<\/p>\n<p style=\"caret-color: rgb(0, 0, 0); color: rgb(0, 0, 0);\"><br><\/p>\n<p style=\"caret-color: rgb(0, 0, 0); color: rgb(0, 0, 0);\">3. PR\u00c1VN\u00cd Z\u00c1KLAD,&nbsp;\u00da\u010cELY&nbsp;ZPRACOV\u00c1N\u00cd A DOBA UCHOV\u00c1V\u00c1N\u00cd OSOBN\u00cdCH&nbsp;\u00daDAJ\u016e<\/p>\n<p style=\"caret-color: rgb(0, 0, 0); color: rgb(0, 0, 0);\">Osobn\u00ed \u00fadaje jsme opr\u00e1vn\u011bni o V\u00e1s sb\u00edrat a zpracov\u00e1vat za \u00fa\u010delem a po dobu uvedenou n\u00ed\u017ee.<\/p>\n<p style=\"caret-color: rgb(0, 0, 0); color: rgb(0, 0, 0);\">3.1.&nbsp;Za \u00fa\u010delem \u00fasp\u011b\u0161n\u00e9ho vy\u0159\u00edzen\u00ed popt\u00e1vky a&nbsp;v\u00fdkonu pr\u00e1v a povinnost\u00ed vypl\u00fdvaj\u00edc\u00edch ze smluvn\u00edho vztahu mezi V\u00e1mi a Spr\u00e1vcem. Pr\u00e1vn\u00edm z\u00e1kladem<\/p>\n<p style=\"caret-color: rgb(0, 0, 0); color: rgb(0, 0, 0);\">pro toto zpracov\u00e1n\u00ed je&nbsp;pln\u011bn\u00ed smlouvy, jej\u00ed\u017e jste smluvn\u00ed stranou. Tyto osobn\u00ed&nbsp;\u00fadaje budou za t\u00edmto \u00fa\u010delem zpracov\u00e1v\u00e1ny po dobu trv\u00e1n\u00ed smluvn\u00edho vztahu&nbsp;a d\u00e1le pak 12 let&nbsp;od ukon\u010den\u00ed smluvn\u00edho vztahu.<\/p>\n<p style=\"caret-color: rgb(0, 0, 0); color: rgb(0, 0, 0);\">3.2.&nbsp;Za \u00fa\u010delem&nbsp;marketingu, tj. zas\u00edl\u00e1n\u00ed informac\u00ed o aktu\u00e1ln\u00edch nab\u00eddk\u00e1ch a novink\u00e1ch,&nbsp;na z\u00e1klad\u011b \u00a7 7 odst. 3 z\u00e1kona \u010d. 480\/2004 Sb., o n\u011bkter\u00fdch slu\u017eb\u00e1ch informa\u010dn\u00ed spole\u010dnosti a na z\u00e1klad\u011b opr\u00e1vn\u011bn\u00e9ho z\u00e1jmu dle \u010dl\u00e1nku 6 odst. 1&nbsp;p\u00edsm. f) GDPR&nbsp;V\u00e1s m\u016f\u017ee Spr\u00e1vce kontaktovat prost\u0159ednictv\u00edm&nbsp;e-mailu, SMS&nbsp;\u010di telefonicky i bez ud\u011blen\u00e9ho souhlasu. Takov\u00e9to zas\u00edl\u00e1n\u00ed&nbsp;m\u00e1te mo\u017enost kdykoli&nbsp;odm\u00edtnout (tzv. opt-out) zasl\u00e1n\u00edm e-mailu na adresu&nbsp;info@tomeczech.com&nbsp;a do&nbsp;p\u0159edm\u011btu uvedete \u201eMKT NE\u201c.&nbsp;Va\u0161e&nbsp;elektronick\u00e9 kontakty (e-mail a\/nebo&nbsp;telefonn\u00ed \u010d\u00edslo) budou&nbsp;za t\u00edmto \u00fa\u010delem zpracov\u00e1v\u00e1ny do doby, kdy vyj\u00e1d\u0159\u00edte sv\u016fj&nbsp;nesouhlas.<\/p>\n<p style=\"caret-color: rgb(0, 0, 0); color: rgb(0, 0, 0);\"><br><\/p>\n<p style=\"caret-color: rgb(0, 0, 0); color: rgb(0, 0, 0);\">4.&nbsp;P\u0158\u00cdJEMCI OSOBN\u00cdCH \u00daDAJ\u016e<\/p>\n<p style=\"caret-color: rgb(0, 0, 0); color: rgb(0, 0, 0);\">Osobn\u00ed \u00fadaje m\u016f\u017ee Spr\u00e1vce p\u0159ed\u00e1vat&nbsp;vybran\u00fdm spolehliv\u00fdm t\u0159et\u00edm stran\u00e1m, kter\u00e9&nbsp;se pod\u00edlej\u00ed na dod\u00e1n\u00ed&nbsp;produkt\u016f a slu\u017eeb a\/nebo zaji\u0161t\u011bn\u00ed provozu slu\u017eeb&nbsp;na z\u00e1klad\u011b smlouvy.<\/p>\n<p style=\"caret-color: rgb(0, 0, 0); color: rgb(0, 0, 0);\">Osobn\u00ed \u00fadaje budou d\u00e1le zp\u0159\u00edstupn\u011bny&nbsp;vybran\u00fdm&nbsp;zam\u011bstnanc\u016fm Spr\u00e1vce, kte\u0159\u00ed jsou povinni zachov\u00e1vat ml\u010denlivost o osobn\u00edch \u00fadaj\u00edch a o opat\u0159en\u00edch slou\u017e\u00edc\u00edch k jejich zabezpe\u010den\u00ed. Zam\u011bstnanci jsou opr\u00e1vn\u011bni nakl\u00e1dat s osobn\u00edmi \u00fadaji pouze na z\u00e1klad\u011bv\u00fdslovn\u00fdch instrukc\u00ed Spr\u00e1vce. Povinnost ml\u010denlivosti trv\u00e1 i po skon\u010den\u00ed pracovn\u00edho pom\u011bru.<\/p>\n<p style=\"caret-color: rgb(0, 0, 0); color: rgb(0, 0, 0);\">V&nbsp;\u017e\u00e1dn\u00e9m p\u0159\u00edpad\u011b nedoch\u00e1z\u00ed k p\u0159ed\u00e1v\u00e1n\u00ed osobn\u00edch \u00fadaj\u016f do t\u0159et\u00edch zem\u00ed (do zem\u00ed mimo EU) nebo jak\u00e9koliv mezin\u00e1rodn\u00ed organizaci, ani to Spr\u00e1vce nem\u00e1 v \u00famyslu.<\/p>\n<p style=\"caret-color: rgb(0, 0, 0); color: rgb(0, 0, 0);\"><br><\/p>\n<p style=\"caret-color: rgb(0, 0, 0); color: rgb(0, 0, 0);\">5.&nbsp;PR\u00c1VA SUBJEKTU \u00daDAJ\u016e<\/p>\n<p style=\"caret-color: rgb(0, 0, 0); color: rgb(0, 0, 0);\">Z\u00e1konn\u00e1 pr\u00e1va&nbsp;subjektu \u00fadaj\u016f, dle GDPR, jsou:<\/p>\n<p style=\"caret-color: rgb(0, 0, 0); color: rgb(0, 0, 0);\">o&nbsp;pr\u00e1vo na informace o zpracov\u00e1n\u00ed osobn\u00edch \u00fadaj\u016f;&nbsp;<\/p><p style=\"caret-color: rgb(0, 0, 0); color: rgb(0, 0, 0);\">o&nbsp;pr\u00e1vo po\u017eadovat p\u0159\u00edstup k osobn\u00edm \u00fadaj\u016fm;<\/p><p style=\"caret-color: rgb(0, 0, 0); color: rgb(0, 0, 0);\">o&nbsp;pr\u00e1vo na opravu osobn\u00edch \u00fadaj\u016f;<\/p><p style=\"caret-color: rgb(0, 0, 0); color: rgb(0, 0, 0);\">o&nbsp;pr\u00e1vo na v\u00fdmaz osobn\u00edch \u00fadaj\u016f;<\/p><p style=\"caret-color: rgb(0, 0, 0); color: rgb(0, 0, 0);\">o&nbsp;pr\u00e1vo na omezen\u00ed zpracov\u00e1n\u00ed osobn\u00edch \u00fadaj\u016f;<\/p><p style=\"caret-color: rgb(0, 0, 0); color: rgb(0, 0, 0);\">o&nbsp;pr\u00e1vo na p\u0159enositelnost osobn\u00edch \u00fadaj\u016f;<\/p><p style=\"caret-color: rgb(0, 0, 0); color: rgb(0, 0, 0);\">o&nbsp;pr\u00e1vo na vznesen\u00ed n\u00e1mitky proti zpracov\u00e1n\u00ed osobn\u00edch \u00fadaj\u016f;<\/p><p style=\"caret-color: rgb(0, 0, 0); color: rgb(0, 0, 0);\">o&nbsp;pr\u00e1vo neb\u00fdt p\u0159edm\u011btem automatizovan\u00e9ho individu\u00e1ln\u00edho rozhodov\u00e1n\u00ed s pr\u00e1vn\u00edmi \u010di obdobn\u00fdmi \u00fa\u010dinky, zahrnuj\u00edce i profilov\u00e1n\u00ed.<\/p>\n<p style=\"caret-color: rgb(0, 0, 0); color: rgb(0, 0, 0);\">D\u00e1le m\u00e1te&nbsp;pr\u00e1vo podat proti spole\u010dnosti&nbsp;TOMECZECH s.r.o.,&nbsp;jako\u017eto&nbsp;Spr\u00e1vci,&nbsp;st\u00ed\u017enost u \u00da\u0159adu pro ochranu osobn\u00edch \u00fadaj\u016f.<\/p>\n<p style=\"caret-color: rgb(0, 0, 0); color: rgb(0, 0, 0);\"><br><\/p>\n<p style=\"caret-color: rgb(0, 0, 0); color: rgb(0, 0, 0);\">6.&nbsp;Z\u00c1V\u011aRE\u010cN\u00c1 USTANOVEN\u00cd<\/p>\n<p style=\"caret-color: rgb(0, 0, 0); color: rgb(0, 0, 0);\">Odesl\u00e1n\u00edm popt\u00e1vkov\u00e9ho&nbsp;formul\u00e1\u0159e, na webov\u00fdch str\u00e1nk\u00e1ch Spr\u00e1vce&nbsp;https:\/\/www.jeraby-praha.com&nbsp;a&nbsp;https:\/\/www.kontejnery-tomeczech.cz\/&nbsp;potvrzujete, \u017ee<\/p>\n<p style=\"caret-color: rgb(0, 0, 0); color: rgb(0, 0, 0);\">jste se sezn\u00e1mil\/a s podm\u00ednkami ochrany osobn\u00edch \u00fadaj\u016f,&nbsp;a \u017ee je v cel\u00e9m rozsahu p\u0159ij\u00edm\u00e1te.<\/p>\n<p style=\"caret-color: rgb(0, 0, 0); color: rgb(0, 0, 0);\">Spr\u00e1vce je opr\u00e1vn\u011bn tyto podm\u00ednky m\u011bnit dle aktu\u00e1ln\u00ed situace a pot\u0159eby. Nov\u00e1 verze&nbsp;podm\u00ednek ochrany osobn\u00edch \u00fadaj\u016f bude v\u017edy zve\u0159ejn\u011bna&nbsp;na webov\u00fdch str\u00e1nk\u00e1ch Spr\u00e1vce&nbsp;https:\/\/www.jeraby-praha.com&nbsp;a&nbsp;https:\/\/www.kontejnery-tomeczech.cz\/.<\/p>\n<p style=\"caret-color: rgb(0, 0, 0); color: rgb(0, 0, 0);\"><br><\/p>\n<p style=\"caret-color: rgb(0, 0, 0); color: rgb(0, 0, 0);\">Tyto podm\u00ednky nab\u00fdvaj\u00ed \u00fa\u010dinnosti dnem&nbsp;30.3.2023.<\/p>\t\t\t\t\t\t<\/div>\n\t\t\t\t<\/div>\n\t\t\t\t\t<\/div>\n\t\t<\/div>\n\t\t\t\t\t<\/div>\n\t\t<\/section>\n\t\t\t\t<\/div>\n\t\t","protected":false},"excerpt":{"rendered":"<p>Va\u0161e osobn\u00ed \u00fadaje z\u00edsk\u00e1v\u00e1me a zpracov\u00e1v\u00e1me v souladu s relevantn\u00edmi pr\u00e1vn\u00edmi p\u0159episy,&nbsp;zejm\u00e9na podle Obecn\u00e9ho&nbsp;na\u0159\u00edzen\u00ed Evropsk\u00e9ho parlamentu a&nbsp;rady (EU)&nbsp;\u010d.&nbsp;2016\/679 o&nbsp;ochran\u011b osobn\u00edch \u00fadaj\u016f, (d\u00e1le jen: \u201eGDPR\u201d). 1.&nbsp;TOTO\u017dNOST A&nbsp;KONTAKTN\u00cd \u00daDAJE SPR\u00c1VCE Spr\u00e1vcem&nbsp;Va\u0161ich osobn\u00edch \u00fadaj\u016f je spole\u010dnost&nbsp;TOMECZECH s.r.o., se s\u00eddlem \u0160t\u011brboholsk\u00e1 560\/73, 102 00 Praha 15 Hostiva\u0159, I\u010cO:&nbsp;24153389,&nbsp;(d\u00e1le jen: \u201eSpr\u00e1vce\u201c). Spr\u00e1vce nejmenoval pov\u011b\u0159ence pro ochranu osobn\u00edch \u00fadaj\u016f. 2. JAK\u00c9 [&hellip;]<\/p>\n","protected":false},"author":1,"featured_media":0,"parent":0,"menu_order":0,"comment_status":"closed","ping_status":"open","template":"","meta":{"footnotes":""},"yoast_head":"<!-- This site is optimized with the Yoast SEO plugin v22.0 - https:\/\/yoast.com\/wordpress\/plugins\/seo\/ -->\n<title>Ochrana osobn\u00edch \u00fadaj\u016f | Lodn\u00ed kontejnery Tomeczech<\/title>\n<meta name=\"description\" content=\"Lodn\u00ed - n\u00e1mo\u0159n\u00ed - stavebn\u00ed - skladovac\u00ed kontejner pou\u017eit\u00fd i nov\u00fd za skv\u011bl\u00e9 ceny. Jsme prodejcem lodn\u00edch kontejner\u016f.\" \/>\n<meta name=\"robots\" content=\"index, follow, max-snippet:-1, max-image-preview:large, max-video-preview:-1\" \/>\n<link rel=\"canonical\" href=\"https:\/\/www.kontejnery-tomeczech.cz\/index.php\/ochrana_osobnich_udaju\/\" \/>\n<meta property=\"og:locale\" content=\"cs_CZ\" \/>\n<meta property=\"og:type\" content=\"article\" \/>\n<meta property=\"og:title\" content=\"Ochrana osobn\u00edch \u00fadaj\u016f | Lodn\u00ed kontejnery Tomeczech\" \/>\n<meta property=\"og:description\" content=\"Lodn\u00ed - n\u00e1mo\u0159n\u00ed - stavebn\u00ed - skladovac\u00ed kontejner pou\u017eit\u00fd i nov\u00fd za skv\u011bl\u00e9 ceny. Jsme prodejcem lodn\u00edch kontejner\u016f.\" \/>\n<meta property=\"og:url\" content=\"https:\/\/www.kontejnery-tomeczech.cz\/index.php\/ochrana_osobnich_udaju\/\" \/>\n<meta property=\"og:site_name\" content=\"Lodn\u00ed kontejnery Tomeczech\" \/>\n<meta property=\"article:modified_time\" content=\"2023-06-12T10:44:14+00:00\" \/>\n<meta name=\"twitter:card\" content=\"summary_large_image\" \/>\n<meta name=\"twitter:label1\" content=\"Odhadovan\u00e1 doba \u010dten\u00ed\" \/>\n\t<meta name=\"twitter:data1\" content=\"3 minuty\" \/>\n<script type=\"application\/ld+json\" class=\"yoast-schema-graph\">{\"@context\":\"https:\/\/schema.org\",\"@graph\":[{\"@type\":\"WebPage\",\"@id\":\"https:\/\/www.kontejnery-tomeczech.cz\/index.php\/ochrana_osobnich_udaju\/\",\"url\":\"https:\/\/www.kontejnery-tomeczech.cz\/index.php\/ochrana_osobnich_udaju\/\",\"name\":\"Ochrana osobn\u00edch \u00fadaj\u016f | Lodn\u00ed kontejnery Tomeczech\",\"isPartOf\":{\"@id\":\"https:\/\/www.kontejnery-tomeczech.cz\/#website\"},\"datePublished\":\"2023-03-10T17:20:23+00:00\",\"dateModified\":\"2023-06-12T10:44:14+00:00\",\"description\":\"Lodn\u00ed - n\u00e1mo\u0159n\u00ed - stavebn\u00ed - skladovac\u00ed kontejner pou\u017eit\u00fd i nov\u00fd za skv\u011bl\u00e9 ceny. Jsme prodejcem lodn\u00edch kontejner\u016f.\",\"breadcrumb\":{\"@id\":\"https:\/\/www.kontejnery-tomeczech.cz\/index.php\/ochrana_osobnich_udaju\/#breadcrumb\"},\"inLanguage\":\"cs\",\"potentialAction\":[{\"@type\":\"ReadAction\",\"target\":[\"https:\/\/www.kontejnery-tomeczech.cz\/index.php\/ochrana_osobnich_udaju\/\"]}]},{\"@type\":\"BreadcrumbList\",\"@id\":\"https:\/\/www.kontejnery-tomeczech.cz\/index.php\/ochrana_osobnich_udaju\/#breadcrumb\",\"itemListElement\":[{\"@type\":\"ListItem\",\"position\":1,\"name\":\"Dom\u016f\",\"item\":\"https:\/\/www.kontejnery-tomeczech.cz\/\"},{\"@type\":\"ListItem\",\"position\":2,\"name\":\"Ochrana osobn\u00edch \u00fadaj\u016f\"}]},{\"@type\":\"WebSite\",\"@id\":\"https:\/\/www.kontejnery-tomeczech.cz\/#website\",\"url\":\"https:\/\/www.kontejnery-tomeczech.cz\/\",\"name\":\"Lodn\u00ed kontejnery Tomeczech\",\"description\":\"Prodej a pron\u00e1jem lodn\u00edch kontejner\u016f\",\"publisher\":{\"@id\":\"https:\/\/www.kontejnery-tomeczech.cz\/#organization\"},\"potentialAction\":[{\"@type\":\"SearchAction\",\"target\":{\"@type\":\"EntryPoint\",\"urlTemplate\":\"https:\/\/www.kontejnery-tomeczech.cz\/?s={search_term_string}\"},\"query-input\":\"required name=search_term_string\"}],\"inLanguage\":\"cs\"},{\"@type\":\"Organization\",\"@id\":\"https:\/\/www.kontejnery-tomeczech.cz\/#organization\",\"name\":\"Tomeczech s.r.o.\",\"url\":\"https:\/\/www.kontejnery-tomeczech.cz\/\",\"logo\":{\"@type\":\"ImageObject\",\"inLanguage\":\"cs\",\"@id\":\"https:\/\/www.kontejnery-tomeczech.cz\/#\/schema\/logo\/image\/\",\"url\":\"https:\/\/www.kontejnery-tomeczech.cz\/wp-content\/uploads\/2021\/02\/1364747.jpg\",\"contentUrl\":\"https:\/\/www.kontejnery-tomeczech.cz\/wp-content\/uploads\/2021\/02\/1364747.jpg\",\"width\":300,\"height\":63,\"caption\":\"Tomeczech s.r.o.\"},\"image\":{\"@id\":\"https:\/\/www.kontejnery-tomeczech.cz\/#\/schema\/logo\/image\/\"}}]}<\/script>\n<!-- \/ Yoast SEO plugin. -->","yoast_head_json":{"title":"Ochrana osobn\u00edch \u00fadaj\u016f | Lodn\u00ed kontejnery Tomeczech","description":"Lodn\u00ed - n\u00e1mo\u0159n\u00ed - stavebn\u00ed - skladovac\u00ed kontejner pou\u017eit\u00fd i nov\u00fd za skv\u011bl\u00e9 ceny. Jsme prodejcem lodn\u00edch kontejner\u016f.","robots":{"index":"index","follow":"follow","max-snippet":"max-snippet:-1","max-image-preview":"max-image-preview:large","max-video-preview":"max-video-preview:-1"},"canonical":"https:\/\/www.kontejnery-tomeczech.cz\/index.php\/ochrana_osobnich_udaju\/","og_locale":"cs_CZ","og_type":"article","og_title":"Ochrana osobn\u00edch \u00fadaj\u016f | Lodn\u00ed kontejnery Tomeczech","og_description":"Lodn\u00ed - n\u00e1mo\u0159n\u00ed - stavebn\u00ed - skladovac\u00ed kontejner pou\u017eit\u00fd i nov\u00fd za skv\u011bl\u00e9 ceny. Jsme prodejcem lodn\u00edch kontejner\u016f.","og_url":"https:\/\/www.kontejnery-tomeczech.cz\/index.php\/ochrana_osobnich_udaju\/","og_site_name":"Lodn\u00ed kontejnery Tomeczech","article_modified_time":"2023-06-12T10:44:14+00:00","twitter_card":"summary_large_image","twitter_misc":{"Odhadovan\u00e1 doba \u010dten\u00ed":"3 minuty"},"schema":{"@context":"https:\/\/schema.org","@graph":[{"@type":"WebPage","@id":"https:\/\/www.kontejnery-tomeczech.cz\/index.php\/ochrana_osobnich_udaju\/","url":"https:\/\/www.kontejnery-tomeczech.cz\/index.php\/ochrana_osobnich_udaju\/","name":"Ochrana osobn\u00edch \u00fadaj\u016f | Lodn\u00ed kontejnery Tomeczech","isPartOf":{"@id":"https:\/\/www.kontejnery-tomeczech.cz\/#website"},"datePublished":"2023-03-10T17:20:23+00:00","dateModified":"2023-06-12T10:44:14+00:00","description":"Lodn\u00ed - n\u00e1mo\u0159n\u00ed - stavebn\u00ed - skladovac\u00ed kontejner pou\u017eit\u00fd i nov\u00fd za skv\u011bl\u00e9 ceny. Jsme prodejcem lodn\u00edch kontejner\u016f.","breadcrumb":{"@id":"https:\/\/www.kontejnery-tomeczech.cz\/index.php\/ochrana_osobnich_udaju\/#breadcrumb"},"inLanguage":"cs","potentialAction":[{"@type":"ReadAction","target":["https:\/\/www.kontejnery-tomeczech.cz\/index.php\/ochrana_osobnich_udaju\/"]}]},{"@type":"BreadcrumbList","@id":"https:\/\/www.kontejnery-tomeczech.cz\/index.php\/ochrana_osobnich_udaju\/#breadcrumb","itemListElement":[{"@type":"ListItem","position":1,"name":"Dom\u016f","item":"https:\/\/www.kontejnery-tomeczech.cz\/"},{"@type":"ListItem","position":2,"name":"Ochrana osobn\u00edch \u00fadaj\u016f"}]},{"@type":"WebSite","@id":"https:\/\/www.kontejnery-tomeczech.cz\/#website","url":"https:\/\/www.kontejnery-tomeczech.cz\/","name":"Lodn\u00ed kontejnery Tomeczech","description":"Prodej a pron\u00e1jem lodn\u00edch kontejner\u016f","publisher":{"@id":"https:\/\/www.kontejnery-tomeczech.cz\/#organization"},"potentialAction":[{"@type":"SearchAction","target":{"@type":"EntryPoint","urlTemplate":"https:\/\/www.kontejnery-tomeczech.cz\/?s={search_term_string}"},"query-input":"required name=search_term_string"}],"inLanguage":"cs"},{"@type":"Organization","@id":"https:\/\/www.kontejnery-tomeczech.cz\/#organization","name":"Tomeczech s.r.o.","url":"https:\/\/www.kontejnery-tomeczech.cz\/","logo":{"@type":"ImageObject","inLanguage":"cs","@id":"https:\/\/www.kontejnery-tomeczech.cz\/#\/schema\/logo\/image\/","url":"https:\/\/www.kontejnery-tomeczech.cz\/wp-content\/uploads\/2021\/02\/1364747.jpg","contentUrl":"https:\/\/www.kontejnery-tomeczech.cz\/wp-content\/uploads\/2021\/02\/1364747.jpg","width":300,"height":63,"caption":"Tomeczech s.r.o."},"image":{"@id":"https:\/\/www.kontejnery-tomeczech.cz\/#\/schema\/logo\/image\/"}}]}},"jetpack_sharing_enabled":true,"_links":{"self":[{"href":"https:\/\/www.kontejnery-tomeczech.cz\/index.php\/wp-json\/wp\/v2\/pages\/3"}],"collection":[{"href":"https:\/\/www.kontejnery-tomeczech.cz\/index.php\/wp-json\/wp\/v2\/pages"}],"about":[{"href":"https:\/\/www.kontejnery-tomeczech.cz\/index.php\/wp-json\/wp\/v2\/types\/page"}],"author":[{"embeddable":true,"href":"https:\/\/www.kontejnery-tomeczech.cz\/index.php\/wp-json\/wp\/v2\/users\/1"}],"replies":[{"embeddable":true,"href":"https:\/\/www.kontejnery-tomeczech.cz\/index.php\/wp-json\/wp\/v2\/comments?post=3"}],"version-history":[{"count":22,"href":"https:\/\/www.kontejnery-tomeczech.cz\/index.php\/wp-json\/wp\/v2\/pages\/3\/revisions"}],"predecessor-version":[{"id":4495,"href":"https:\/\/www.kontejnery-tomeczech.cz\/index.php\/wp-json\/wp\/v2\/pages\/3\/revisions\/4495"}],"wp:attachment":[{"href":"https:\/\/www.kontejnery-tomeczech.cz\/index.php\/wp-json\/wp\/v2\/media?parent=3"}],"curies":[{"name":"wp","href":"https:\/\/api.w.org\/{rel}","templated":true}]}}